{"id":502,"date":"2023-03-16T16:39:37","date_gmt":"2023-03-16T15:39:37","guid":{"rendered":"http:\/\/chainofinformation.italpreziosi.it\/lavorare-con-asm\/"},"modified":"2023-05-11T08:53:19","modified_gmt":"2023-05-11T06:53:19","slug":"lavorare-con-asm","status":"publish","type":"page","link":"https:\/\/chainofinformation.italpreziosi.it\/it\/lavorare-con-asm\/","title":{"rendered":"Lavorare con ASM"},"content":{"rendered":"\t\t<div data-elementor-type=\"wp-page\" data-elementor-id=\"502\" class=\"elementor elementor-502 elementor-197\" data-elementor-post-type=\"page\">\n\t\t\t\t\t\t<section class=\"elementor-section elementor-top-section elementor-element elementor-element-e3ed9cb elementor-section-height-min-height elementor-section-boxed elementor-section-height-default elementor-section-items-middle\" data-id=\"e3ed9cb\" data-element_type=\"section\" data-e-type=\"section\" data-settings=\"{&quot;background_background&quot;:&quot;classic&quot;}\">\n\t\t\t\t\t\t\t<div class=\"elementor-background-overlay\"><\/div>\n\t\t\t\t\t\t\t<div class=\"elementor-container elementor-column-gap-no\">\n\t\t\t\t\t<div class=\"elementor-column elementor-col-100 elementor-top-column elementor-element elementor-element-3358ff4 unrelative\" data-id=\"3358ff4\" data-element_type=\"column\" data-e-type=\"column\">\n\t\t\t<div class=\"elementor-widget-wrap elementor-element-populated\">\n\t\t\t\t\t\t<section class=\"elementor-section elementor-inner-section elementor-element elementor-element-674bdb3 elementor-section-boxed elementor-section-height-default elementor-section-height-default\" data-id=\"674bdb3\" data-element_type=\"section\" data-e-type=\"section\">\n\t\t\t\t\t\t<div class=\"elementor-container elementor-column-gap-no\">\n\t\t\t\t\t<div class=\"elementor-column elementor-col-50 elementor-inner-column elementor-element elementor-element-4450bc8\" data-id=\"4450bc8\" data-element_type=\"column\" data-e-type=\"column\">\n\t\t\t<div class=\"elementor-widget-wrap elementor-element-populated\">\n\t\t\t\t\t\t<div class=\"elementor-element elementor-element-ab87107 elementor-widget elementor-widget-heading\" data-id=\"ab87107\" data-element_type=\"widget\" data-e-type=\"widget\" data-widget_type=\"heading.default\">\n\t\t\t\t<div class=\"elementor-widget-container\">\n\t\t\t\t\t<h1 class=\"elementor-heading-title elementor-size-default\">Lavorare \ncon ASM<\/h1>\t\t\t\t<\/div>\n\t\t\t\t<\/div>\n\t\t\t\t<div class=\"elementor-element elementor-element-d31f091 elementor-widget elementor-widget-text-editor\" data-id=\"d31f091\" data-element_type=\"widget\" data-e-type=\"widget\" data-widget_type=\"text-editor.default\">\n\t\t\t\t<div class=\"elementor-widget-container\">\n\t\t\t\t\t\t\t\t\t<p>L&#8217;estrazione artigianale rappresenta un reddito vitale cruciale in molte parti del mondo e molte comunit\u00e0 dipendono da esso.<\/p>\n<p>Queste comunit\u00e0 e cooperative dovrebbero essere sostenute e l&#8217;impegno \u00e8 il primo passo.<\/p>\n<p>Naturalmente questo tipo di filiera necessita di una speciale <strong>Due Diligence Potenziata<\/strong>, a partire dall&#8217;elenco dei documenti da richiedere (che dipende anche da Paese a Paese) e dal fondamentale sopralluogo.<\/p>\n\t\t\t\t\t\t\t\t<\/div>\n\t\t\t\t<\/div>\n\t\t\t\t\t<\/div>\n\t\t<\/div>\n\t\t\t\t<div class=\"elementor-column elementor-col-50 elementor-inner-column elementor-element elementor-element-a591315\" data-id=\"a591315\" data-element_type=\"column\" data-e-type=\"column\">\n\t\t\t<div class=\"elementor-widget-wrap\">\n\t\t\t\t\t\t\t<\/div>\n\t\t<\/div>\n\t\t\t\t\t<\/div>\n\t\t<\/section>\n\t\t\t\t<div class=\"elementor-element elementor-element-ca691c4 elementor-absolute elementor-widget elementor-widget-html\" data-id=\"ca691c4\" data-element_type=\"widget\" data-e-type=\"widget\" data-settings=\"{&quot;_position&quot;:&quot;absolute&quot;}\" data-widget_type=\"html.default\">\n\t\t\t\t<div class=\"elementor-widget-container\">\n\t\t\t\t\t<div class=\"scroll\">\n  <a href=\"#first\"><span><\/span><\/a>\n<\/div>\t\t\t\t<\/div>\n\t\t\t\t<\/div>\n\t\t\t\t\t<\/div>\n\t\t<\/div>\n\t\t\t\t\t<\/div>\n\t\t<\/section>\n\t\t\t\t<section class=\"elementor-section elementor-top-section elementor-element elementor-element-0ac9453 elementor-section-boxed elementor-section-height-default elementor-section-height-default\" data-id=\"0ac9453\" data-element_type=\"section\" data-e-type=\"section\" id=\"first\">\n\t\t\t\t\t\t<div class=\"elementor-container elementor-column-gap-no\">\n\t\t\t\t\t<div class=\"elementor-column elementor-col-50 elementor-top-column elementor-element elementor-element-8e27e26\" data-id=\"8e27e26\" data-element_type=\"column\" data-e-type=\"column\">\n\t\t\t<div class=\"elementor-widget-wrap elementor-element-populated\">\n\t\t\t\t\t\t<div class=\"elementor-element elementor-element-4a856ee elementor-widget elementor-widget-heading\" data-id=\"4a856ee\" data-element_type=\"widget\" data-e-type=\"widget\" data-widget_type=\"heading.default\">\n\t\t\t\t<div class=\"elementor-widget-container\">\n\t\t\t\t\t<h2 class=\"elementor-heading-title elementor-size-default\">Lavorare \ncon ASM<\/h2>\t\t\t\t<\/div>\n\t\t\t\t<\/div>\n\t\t\t\t<div class=\"elementor-element elementor-element-14e09d9 elementor-widget elementor-widget-text-editor\" data-id=\"14e09d9\" data-element_type=\"widget\" data-e-type=\"widget\" data-widget_type=\"text-editor.default\">\n\t\t\t\t<div class=\"elementor-widget-container\">\n\t\t\t\t\t\t\t\t\t<p>Alcune risposte a queste sfide sono:<\/p>\n\t\t\t\t\t\t\t\t<\/div>\n\t\t\t\t<\/div>\n\t\t\t\t<div class=\"elementor-element elementor-element-e78e53f subsection-title elementor-widget elementor-widget-heading\" data-id=\"e78e53f\" data-element_type=\"widget\" data-e-type=\"widget\" data-widget_type=\"heading.default\">\n\t\t\t\t<div class=\"elementor-widget-container\">\n\t\t\t\t\t<h2 class=\"elementor-heading-title elementor-size-default\">LBMA, al fine di supportare una migliore comprensione dell'ASM KYC, ha aggiunto anche un'autovalutazione (che puoi trovare <a href=\"https:\/\/sites.google.com\/italpreziosi.it\/chainofinformation\/lbma-due-diligence-toolkit?authuser=0#h.t06626d3vzk7\" target=\"_blank\" style=\"text-decoration: underline\" rel=\"nofollow noopener\">qui<\/a>).<\/h2>\t\t\t\t<\/div>\n\t\t\t\t<\/div>\n\t\t\t\t<div class=\"elementor-element elementor-element-b2dbbea subsection-title elementor-widget elementor-widget-heading\" data-id=\"b2dbbea\" data-element_type=\"widget\" data-e-type=\"widget\" data-widget_type=\"heading.default\">\n\t\t\t\t<div class=\"elementor-widget-container\">\n\t\t\t\t\t<h2 class=\"elementor-heading-title elementor-size-default\">CRAFT: il Codice di mitigazione del rischio per ASM che si impegna nel commercio formale - CRAFT intende servire come strumento per ASM e l'industria a valle per convalidare la sua idoneit\u00e0 alla vendita e all'approvvigionamento di minerali e metalli provenienti da ASM in conformit\u00e0.<\/h2>\t\t\t\t<\/div>\n\t\t\t\t<\/div>\n\t\t\t\t<div class=\"elementor-element elementor-element-bce2121 elementor-widget elementor-widget-text-editor\" data-id=\"bce2121\" data-element_type=\"widget\" data-e-type=\"widget\" data-widget_type=\"text-editor.default\">\n\t\t\t\t<div class=\"elementor-widget-container\">\n\t\t\t\t\t\t\t\t\tCRAFT \u00e8:\n<ul><li>uno standard di sostenibilit\u00e0 volontario\nuno standard di prestazione progressivo <\/li><li>per i produttori di minerali ASM<\/li><li>\nuno standard di processo. Ci\u00f2 significa che non \u00e8 uno standard di prodotto. <\/li><\/ul>\t\t\t\t\t\t\t\t<\/div>\n\t\t\t\t<\/div>\n\t\t\t\t<div class=\"elementor-element elementor-element-a7e3127 subsection-title elementor-widget elementor-widget-heading\" data-id=\"a7e3127\" data-element_type=\"widget\" data-e-type=\"widget\" data-widget_type=\"heading.default\">\n\t\t\t\t<div class=\"elementor-widget-container\">\n\t\t\t\t\t<h2 class=\"elementor-heading-title elementor-size-default\">SDG 5 e ASM: Come far avanzare l'uguaglianza di genere e l'emancipazione femminile nelle iniziative legate all'ASM<\/h2>\t\t\t\t<\/div>\n\t\t\t\t<\/div>\n\t\t\t\t<div class=\"elementor-element elementor-element-e430a8b elementor-widget elementor-widget-text-editor\" data-id=\"e430a8b\" data-element_type=\"widget\" data-e-type=\"widget\" data-widget_type=\"text-editor.default\">\n\t\t\t\t<div class=\"elementor-widget-container\">\n\t\t\t\t\t\t\t\t\t<p><a href=\"https:\/\/impacttransform.org\/en\/\" target=\"_blank\" rel=\"noopener nofollow\">Impact<\/a> offre strumenti strategici, tra cui una Matrice di Impatto di Genere, e specifica quali sono i 7 passi chiave per la Valutazione di Impatto di Genere per le iniziative legate all&#8217;ASM.<br \/><a style=\"text-decoration: underline;\" href=\"https:\/\/sites.google.com\/italpreziosi.it\/chainofinformation\/lbma-due-diligence-toolkit?authuser=0#h.t06626d3vzk7\" target=\"_blank\" rel=\"noopener nofollow\">Scarica il toolkit qui<\/a><\/p>\t\t\t\t\t\t\t\t<\/div>\n\t\t\t\t<\/div>\n\t\t\t\t\t<\/div>\n\t\t<\/div>\n\t\t\t\t<div class=\"elementor-column elementor-col-50 elementor-top-column elementor-element elementor-element-974be01\" data-id=\"974be01\" data-element_type=\"column\" data-e-type=\"column\">\n\t\t\t<div class=\"elementor-widget-wrap elementor-element-populated\">\n\t\t\t\t\t\t<div class=\"elementor-element elementor-element-b0378e6 elementor-widget elementor-widget-video\" data-id=\"b0378e6\" data-element_type=\"widget\" data-e-type=\"widget\" data-settings=\"{&quot;youtube_url&quot;:&quot;https:\\\/\\\/www.youtube.com\\\/watch?v=EMrxOjZJvfs&quot;,&quot;show_image_overlay&quot;:&quot;yes&quot;,&quot;image_overlay&quot;:{&quot;url&quot;:&quot;https:\\\/\\\/chainofinformat-cvlj.1wp.site\\\/wp-content\\\/uploads\\\/2023\\\/03\\\/workinkasm-ph.webp&quot;,&quot;id&quot;:201,&quot;size&quot;:&quot;&quot;,&quot;alt&quot;:&quot;&quot;,&quot;source&quot;:&quot;library&quot;},&quot;video_type&quot;:&quot;youtube&quot;,&quot;controls&quot;:&quot;yes&quot;}\" data-widget_type=\"video.default\">\n\t\t\t\t<div class=\"elementor-widget-container\">\n\t\t\t\t\t\t\t<div class=\"elementor-wrapper elementor-open-inline\">\n\t\t\t<div class=\"elementor-video\"><\/div>\t\t\t\t<div class=\"elementor-custom-embed-image-overlay\" style=\"background-image: url(https:\/\/chainofinformation.italpreziosi.it\/wp-content\/uploads\/2023\/03\/workinkasm-ph.webp);\">\n\t\t\t\t\t\t\t\t\t\t\t\t\t\t\t\t<div class=\"elementor-custom-embed-play\" role=\"button\" aria-label=\"Riproduci video\" tabindex=\"0\">\n\t\t\t\t\t\t\t<svg xmlns=\"http:\/\/www.w3.org\/2000\/svg\" xmlns:xlink=\"http:\/\/www.w3.org\/1999\/xlink\" xmlns:svgjs=\"http:\/\/svgjs.com\/svgjs\" width=\"512\" height=\"512\" x=\"0\" y=\"0\" viewBox=\"0 0 496.158 496.158\" style=\"enable-background:new 0 0 512 512\" xml:space=\"preserve\" class=\"\"><g><path d=\"M496.158 248.085C496.158 111.064 385.088.003 248.082.003 111.07.002 0 111.062 0 248.085c0 137.002 111.07 248.071 248.083 248.071 137.005-.001 248.075-111.07 248.075-248.071z\" style=\"\" fill=\"#fdb338\" data-original=\"#32bea6\"><\/path><path d=\"M370.805 235.242 195.856 127.818c-4.776-2.934-11.061-3.061-15.951-.322a15.784 15.784 0 0 0-8.071 13.762v214a15.794 15.794 0 0 0 8.046 13.752 15.824 15.824 0 0 0 7.725 2.02c2.897 0 5.734-.797 8.205-2.303l174.947-106.576c4.657-2.836 7.556-7.986 7.565-13.44.01-5.453-2.87-10.615-7.517-13.469z\" style=\"\" fill=\"#ffffff\" data-original=\"#ffffff\" class=\"\"><\/path><\/g><\/svg>\t\t\t\t\t\t<\/div>\n\t\t\t\t\t\t\t\t\t<\/div>\n\t\t\t\t\t<\/div>\n\t\t\t\t\t\t<\/div>\n\t\t\t\t<\/div>\n\t\t\t\t<div class=\"elementor-element elementor-element-bd1e599 elementor-widget__width-auto elementor-widget elementor-widget-button\" data-id=\"bd1e599\" data-element_type=\"widget\" data-e-type=\"widget\" data-widget_type=\"button.default\">\n\t\t\t\t<div class=\"elementor-widget-container\">\n\t\t\t\t\t\t\t\t\t<div class=\"elementor-button-wrapper\">\n\t\t\t\t\t<a class=\"elementor-button elementor-button-link elementor-size-sm\" href=\"https:\/\/chainofinformat-cvlj.1wp.site\/wp-content\/uploads\/2023\/04\/CRAFT_2.0_VOL-2B_Ingles_VersionFinal.pdf\" rel=\"nofollow noopener\" target=\"_blank\">\n\t\t\t\t\t\t<span class=\"elementor-button-content-wrapper\">\n\t\t\t\t\t\t\t\t\t<span class=\"elementor-button-text\">Requisiti per gli ASM<\/span>\n\t\t\t\t\t<\/span>\n\t\t\t\t\t<\/a>\n\t\t\t\t<\/div>\n\t\t\t\t\t\t\t\t<\/div>\n\t\t\t\t<\/div>\n\t\t\t\t<div class=\"elementor-element elementor-element-0fea18e elementor-widget__width-auto elementor-widget elementor-widget-button\" data-id=\"0fea18e\" data-element_type=\"widget\" data-e-type=\"widget\" data-widget_type=\"button.default\">\n\t\t\t\t<div class=\"elementor-widget-container\">\n\t\t\t\t\t\t\t\t\t<div class=\"elementor-button-wrapper\">\n\t\t\t\t\t<a class=\"elementor-button elementor-button-link elementor-size-sm\" href=\"https:\/\/www.craftmines.org\/wp-content\/uploads\/2021\/02\/CRAFT_2.0_VOL-1_Ingles_VersionFinal.pdf\" rel=\"nofollow noopener\" target=\"_blank\">\n\t\t\t\t\t\t<span class=\"elementor-button-content-wrapper\">\n\t\t\t\t\t\t\t\t\t<span class=\"elementor-button-text\">Vai al Codice CRAFT<\/span>\n\t\t\t\t\t<\/span>\n\t\t\t\t\t<\/a>\n\t\t\t\t<\/div>\n\t\t\t\t\t\t\t\t<\/div>\n\t\t\t\t<\/div>\n\t\t\t\t<div class=\"elementor-element elementor-element-4b2b743 elementor-widget__width-auto elementor-widget elementor-widget-button\" data-id=\"4b2b743\" data-element_type=\"widget\" data-e-type=\"widget\" data-widget_type=\"button.default\">\n\t\t\t\t<div class=\"elementor-widget-container\">\n\t\t\t\t\t\t\t\t\t<div class=\"elementor-button-wrapper\">\n\t\t\t\t\t<a class=\"elementor-button elementor-button-link elementor-size-sm\" href=\"https:\/\/www.craftmines.org\/wp-content\/uploads\/2021\/02\/CRAFT_2.0_VOL-3_Ingles_VersionFinal.pdf\" rel=\"nofollow noopener\" target=\"_blank\">\n\t\t\t\t\t\t<span class=\"elementor-button-content-wrapper\">\n\t\t\t\t\t\t\t\t\t<span class=\"elementor-button-text\">Principi Guida del CRAFT<\/span>\n\t\t\t\t\t<\/span>\n\t\t\t\t\t<\/a>\n\t\t\t\t<\/div>\n\t\t\t\t\t\t\t\t<\/div>\n\t\t\t\t<\/div>\n\t\t\t\t<div class=\"elementor-element elementor-element-b59d943 elementor-widget__width-auto elementor-widget elementor-widget-button\" data-id=\"b59d943\" data-element_type=\"widget\" data-e-type=\"widget\" data-widget_type=\"button.default\">\n\t\t\t\t<div class=\"elementor-widget-container\">\n\t\t\t\t\t\t\t\t\t<div class=\"elementor-button-wrapper\">\n\t\t\t\t\t<a class=\"elementor-button elementor-button-link elementor-size-sm\" href=\"https:\/\/www.craftmines.org\/wp-content\/uploads\/2021\/02\/CRAFT2.0-Vol.4-Guidance-book_11.02.2020.pdf\" rel=\"nofollow noopener\" target=\"_blank\">\n\t\t\t\t\t\t<span class=\"elementor-button-content-wrapper\">\n\t\t\t\t\t\t\t\t\t<span class=\"elementor-button-text\">Guida<\/span>\n\t\t\t\t\t<\/span>\n\t\t\t\t\t<\/a>\n\t\t\t\t<\/div>\n\t\t\t\t\t\t\t\t<\/div>\n\t\t\t\t<\/div>\n\t\t\t\t<div class=\"elementor-element elementor-element-b6b2d65 elementor-widget__width-initial elementor-widget elementor-widget-text-editor\" data-id=\"b6b2d65\" data-element_type=\"widget\" data-e-type=\"widget\" data-widget_type=\"text-editor.default\">\n\t\t\t\t<div class=\"elementor-widget-container\">\n\t\t\t\t\t\t\t\t\t<p>Se si decide di lavorare con ASM, deve essere fatto correttamente, e oggi siamo abbastanza fortunati da avere gli standard a supporto di questo processo!<\/p>\n<p>Se sei disposto a collaborare con ASM, lascia che ti aiutiamo a migliorare il processo, per supportare i minatori e per migliorare la responsabilit\u00e0 della filiera.<\/p>\n\t\t\t\t\t\t\t\t<\/div>\n\t\t\t\t<\/div>\n\t\t\t\t\t<\/div>\n\t\t<\/div>\n\t\t\t\t\t<\/div>\n\t\t<\/section>\n\t\t\t\t<\/div>\n\t\t","protected":false},"excerpt":{"rendered":"<p>Lavorare con ASM L&#8217;estrazione artigianale rappresenta un reddito vitale cruciale in molte parti del mondo e molte comunit\u00e0 dipendono da esso. Queste comunit\u00e0 e cooperative dovrebbero essere sostenute e l&#8217;impegno \u00e8 il primo passo. Naturalmente questo tipo di filiera necessita di una speciale Due Diligence Potenziata, a partire dall&#8217;elenco dei documenti da richiedere (che dipende [&hellip;]<\/p>\n","protected":false},"author":1,"featured_media":0,"parent":0,"menu_order":0,"comment_status":"closed","ping_status":"closed","template":"","meta":{"footnotes":""},"class_list":["post-502","page","type-page","status-publish","hentry"],"_links":{"self":[{"href":"https:\/\/chainofinformation.italpreziosi.it\/it\/wp-json\/wp\/v2\/pages\/502","targetHints":{"allow":["GET"]}}],"collection":[{"href":"https:\/\/chainofinformation.italpreziosi.it\/it\/wp-json\/wp\/v2\/pages"}],"about":[{"href":"https:\/\/chainofinformation.italpreziosi.it\/it\/wp-json\/wp\/v2\/types\/page"}],"author":[{"embeddable":true,"href":"https:\/\/chainofinformation.italpreziosi.it\/it\/wp-json\/wp\/v2\/users\/1"}],"replies":[{"embeddable":true,"href":"https:\/\/chainofinformation.italpreziosi.it\/it\/wp-json\/wp\/v2\/comments?post=502"}],"version-history":[{"count":12,"href":"https:\/\/chainofinformation.italpreziosi.it\/it\/wp-json\/wp\/v2\/pages\/502\/revisions"}],"predecessor-version":[{"id":728,"href":"https:\/\/chainofinformation.italpreziosi.it\/it\/wp-json\/wp\/v2\/pages\/502\/revisions\/728"}],"wp:attachment":[{"href":"https:\/\/chainofinformation.italpreziosi.it\/it\/wp-json\/wp\/v2\/media?parent=502"}],"curies":[{"name":"wp","href":"https:\/\/api.w.org\/{rel}","templated":true}]}}